{"id":481,"date":"2025-03-08T20:23:24","date_gmt":"2025-03-08T17:23:24","guid":{"rendered":"https:\/\/ekinexpo.com\/?page_id=481"},"modified":"2025-03-08T21:20:56","modified_gmt":"2025-03-08T18:20:56","slug":"hizmetlerimiz","status":"publish","type":"page","link":"https:\/\/ekinexpo.com\/index.php\/hizmetlerimiz\/","title":{"rendered":"Hizmetlerimiz"},"content":{"rendered":"\t\t<div data-elementor-type=\"wp-page\" data-elementor-id=\"481\" class=\"elementor elementor-481\">\n\t\t\t\t\t\t<section class=\"elementor-section elementor-top-section elementor-element elementor-element-ecd83ce obelisk-section-mode1 elementor-section-boxed elementor-section-height-default elementor-section-height-default\" data-id=\"ecd83ce\" data-element_type=\"section\" data-settings=\"{&quot;background_background&quot;:&quot;classic&quot;}\">\n\t\t\t\t\t\t\t<div class=\"elementor-background-overlay\"><\/div>\n\t\t\t\t\t\t\t<div class=\"elementor-container elementor-column-gap-default\">\n\t\t\t\t\t<div class=\"elementor-column elementor-col-100 elementor-top-column elementor-element elementor-element-c56fa60\" data-id=\"c56fa60\" data-element_type=\"column\">\n\t\t\t<div class=\"elementor-widget-wrap elementor-element-populated\">\n\t\t\t\t\t\t<section class=\"elementor-section elementor-inner-section elementor-element elementor-element-ce38bb0 elementor-section-boxed elementor-section-height-default elementor-section-height-default\" data-id=\"ce38bb0\" data-element_type=\"section\">\n\t\t\t\t\t\t<div class=\"elementor-container elementor-column-gap-default\">\n\t\t\t\t\t<div class=\"elementor-column elementor-col-50 elementor-inner-column elementor-element elementor-element-54796ab\" data-id=\"54796ab\" data-element_type=\"column\">\n\t\t\t<div class=\"elementor-widget-wrap elementor-element-populated\">\n\t\t\t\t\t\t<div class=\"elementor-element elementor-element-0c3a16c elementor-align-left elementor-invisible elementor-widget elementor-widget-obelisk-title\" data-id=\"0c3a16c\" data-element_type=\"widget\" data-settings=\"{&quot;_animation&quot;:&quot;fadeInUp&quot;}\" data-widget_type=\"obelisk-title.default\">\n\t\t\t\t<div class=\"elementor-widget-container\">\n\t\t\t\t\t\r\n\r\n<div class=\"obelisk-title style-2\">\r\n\t<h2 class=\" animate custom-font\" data-splitting>ekin expo <b><\/b><\/h2>\r\n<\/div>\t\t\t\t<\/div>\n\t\t\t\t<\/div>\n\t\t\t\t<div class=\"elementor-element elementor-element-63ad1aa elementor-widget__width-auto elementor-widget-mobile__width-auto elementor-widget elementor-widget-obelisk-heading\" data-id=\"63ad1aa\" data-element_type=\"widget\" data-widget_type=\"obelisk-heading.default\">\n\t\t\t\t<div class=\"elementor-widget-container\">\n\t\t\t\t\t\r\n<h2 class='obelisk-heading style-1 ' >\r\n        Hizmetlerimiz    <\/h2>\r\n\t\t\t\t<\/div>\n\t\t\t\t<\/div>\n\t\t\t\t<div class=\"elementor-element elementor-element-99c9abe elementor-widget__width-auto elementor-align-left elementor-invisible elementor-widget elementor-widget-obelisk-title\" data-id=\"99c9abe\" data-element_type=\"widget\" data-settings=\"{&quot;_animation&quot;:&quot;fadeInUp&quot;}\" data-widget_type=\"obelisk-title.default\">\n\t\t\t\t<div class=\"elementor-widget-container\">\n\t\t\t\t\t\r\n\r\n<div class=\"obelisk-title style-2\">\r\n\t<h2 class=\" animate custom-font\" data-splitting>. <b><\/b><\/h2>\r\n<\/div>\t\t\t\t<\/div>\n\t\t\t\t<\/div>\n\t\t\t\t\t<\/div>\n\t\t<\/div>\n\t\t\t\t<div class=\"elementor-column elementor-col-50 elementor-inner-column elementor-element elementor-element-2d25f3a\" data-id=\"2d25f3a\" data-element_type=\"column\">\n\t\t\t<div class=\"elementor-widget-wrap\">\n\t\t\t\t\t\t\t<\/div>\n\t\t<\/div>\n\t\t\t\t\t<\/div>\n\t\t<\/section>\n\t\t\t\t\t<\/div>\n\t\t<\/div>\n\t\t\t\t\t<\/div>\n\t\t<\/section>\n\t\t\t\t<section class=\"elementor-section elementor-top-section elementor-element elementor-element-4efb73f elementor-section-boxed elementor-section-height-default elementor-section-height-default\" data-id=\"4efb73f\" data-element_type=\"section\">\n\t\t\t\t\t\t<div class=\"elementor-container elementor-column-gap-default\">\n\t\t\t\t\t<div class=\"elementor-column elementor-col-100 elementor-top-column elementor-element elementor-element-59c1166\" data-id=\"59c1166\" data-element_type=\"column\">\n\t\t\t<div class=\"elementor-widget-wrap elementor-element-populated\">\n\t\t\t\t\t\t<section class=\"elementor-section elementor-inner-section elementor-element elementor-element-c1e6058 elementor-section-full_width elementor-section-height-default elementor-section-height-default\" data-id=\"c1e6058\" data-element_type=\"section\">\n\t\t\t\t\t\t<div class=\"elementor-container elementor-column-gap-no\">\n\t\t\t\t\t<div class=\"elementor-column elementor-col-33 elementor-inner-column elementor-element elementor-element-9f3e7de\" data-id=\"9f3e7de\" data-element_type=\"column\">\n\t\t\t<div class=\"elementor-widget-wrap elementor-element-populated\">\n\t\t\t\t\t\t<div class=\"elementor-element elementor-element-9905e18 elementor-widget elementor-widget-obelisk-infobox\" data-id=\"9905e18\" data-element_type=\"widget\" data-widget_type=\"obelisk-infobox.default\">\n\t\t\t\t<div class=\"elementor-widget-container\">\n\t\t\t\t\t<div class=\"obelisk-info-box style-9\">\r\n    <div class=\"item bg-img\" data-background=\"https:\/\/obelisk.themescamp.com\/demo5\/wp-content\/uploads\/sites\/6\/2021\/11\/s1-1.jpg\">\r\n        <h6 class=\"numb\">01<\/h6>\r\n        <h5>Fuar Stand Hizmetleri<\/h5>\r\n        <p>Markan\u0131za \u00f6zel, dikkat \u00e7ekici fuar stand tasar\u0131mlar\u0131 ve profesyonel kurulum hizmetleri sunuyoruz. T\u00fcm s\u00fcre\u00e7leri g\u00fcvenle y\u00f6netiyoruz.<\/p>\r\n                <a href=\"#0\" class=\"custom-font more main-color\">Hizmetleri \u0130ncele<\/a>\r\n            <\/div>\r\n<\/div>\t\t\t\t<\/div>\n\t\t\t\t<\/div>\n\t\t\t\t\t<\/div>\n\t\t<\/div>\n\t\t\t\t<div class=\"elementor-column elementor-col-33 elementor-inner-column elementor-element elementor-element-dc77e5b\" data-id=\"dc77e5b\" data-element_type=\"column\">\n\t\t\t<div class=\"elementor-widget-wrap elementor-element-populated\">\n\t\t\t\t\t\t<div class=\"elementor-element elementor-element-c391fb0 elementor-widget elementor-widget-obelisk-infobox\" data-id=\"c391fb0\" data-element_type=\"widget\" data-widget_type=\"obelisk-infobox.default\">\n\t\t\t\t<div class=\"elementor-widget-container\">\n\t\t\t\t\t<div class=\"obelisk-info-box style-9\">\r\n    <div class=\"item bg-img\" data-background=\"https:\/\/obelisk.themescamp.com\/demo5\/wp-content\/uploads\/sites\/6\/2021\/11\/s2.jpg\">\r\n        <h6 class=\"numb\">02<\/h6>\r\n        <h5>Malzeme Kiralama<\/h5>\r\n        <p>Estetik ve i\u015flevselli\u011fi birle\u015ftirerek i\u00e7 mimari projelerinizi hayata ge\u00e7iriyoruz. T\u00fcm a\u015famalarda profesyonel destek sa\u011fl\u0131yoruz.\n<\/p>\r\n                <a href=\"#0\" class=\"custom-font more main-color\">Hizmetleri \u0130ncele<\/a>\r\n            <\/div>\r\n<\/div>\t\t\t\t<\/div>\n\t\t\t\t<\/div>\n\t\t\t\t\t<\/div>\n\t\t<\/div>\n\t\t\t\t<div class=\"elementor-column elementor-col-33 elementor-inner-column elementor-element elementor-element-eb6297e\" data-id=\"eb6297e\" data-element_type=\"column\">\n\t\t\t<div class=\"elementor-widget-wrap elementor-element-populated\">\n\t\t\t\t\t\t<div class=\"elementor-element elementor-element-6556d89 elementor-widget elementor-widget-obelisk-infobox\" data-id=\"6556d89\" data-element_type=\"widget\" data-widget_type=\"obelisk-infobox.default\">\n\t\t\t\t<div class=\"elementor-widget-container\">\n\t\t\t\t\t<div class=\"obelisk-info-box style-9\">\r\n    <div class=\"item bg-img\" data-background=\"https:\/\/obelisk.themescamp.com\/demo5\/wp-content\/uploads\/sites\/6\/2021\/11\/s3-1.jpg\">\r\n        <h6 class=\"numb\">03<\/h6>\r\n        <h5>\u0130\u00e7 Mimari Ve Proje Uygulama<\/h5>\r\n        <p>Etkinlikleriniz i\u00e7in kaliteli malzeme ve ekipman kiralama hizmeti sunuyoruz. Zaman\u0131nda teslimat ve profesyonel destek sa\u011fl\u0131yoruz.<\/p>\r\n                <a href=\"#0\" class=\"custom-font more main-color\">Hizmetleri \u0130ncele<\/a>\r\n            <\/div>\r\n<\/div>\t\t\t\t<\/div>\n\t\t\t\t<\/div>\n\t\t\t\t\t<\/div>\n\t\t<\/div>\n\t\t\t\t\t<\/div>\n\t\t<\/section>\n\t\t\t\t\t<\/div>\n\t\t<\/div>\n\t\t\t\t\t<\/div>\n\t\t<\/section>\n\t\t\t\t<\/div>\n\t\t","protected":false},"excerpt":{"rendered":"<p>ekin expo Hizmetlerimiz . 01 Fuar Stand Hizmetleri Markan\u0131za \u00f6zel, dikkat \u00e7ekici fuar stand tasar\u0131mlar\u0131 ve profesyonel kurulum hizmetleri sunuyoruz. T\u00fcm s\u00fcre\u00e7leri g\u00fcvenle y\u00f6netiyoruz. Hizmetleri \u0130ncele 02 Malzeme Kiralama Estetik ve i\u015flevselli\u011fi birle\u015ftirerek i\u00e7 mimari projelerinizi hayata ge\u00e7iriyoruz. T\u00fcm a\u015famalarda profesyonel destek sa\u011fl\u0131yoruz. Hizmetleri \u0130ncele 03 \u0130\u00e7 Mimari Ve Proje Uygulama Etkinlikleriniz i\u00e7in kaliteli malzeme ve ekipman kiralama hizmeti sunuyoruz. &hellip;<\/p>\n","protected":false},"author":1,"featured_media":0,"parent":0,"menu_order":0,"comment_status":"closed","ping_status":"closed","template":"blank-builder.php","meta":{"_monsterinsights_skip_tracking":false,"_monsterinsights_sitenote_active":false,"_monsterinsights_sitenote_note":"","_monsterinsights_sitenote_category":0,"footnotes":""},"class_list":["post-481","page","type-page","status-publish","hentry"],"aioseo_notices":[],"_links":{"self":[{"href":"https:\/\/ekinexpo.com\/index.php\/wp-json\/wp\/v2\/pages\/481","targetHints":{"allow":["GET"]}}],"collection":[{"href":"https:\/\/ekinexpo.com\/index.php\/wp-json\/wp\/v2\/pages"}],"about":[{"href":"https:\/\/ekinexpo.com\/index.php\/wp-json\/wp\/v2\/types\/page"}],"author":[{"embeddable":true,"href":"https:\/\/ekinexpo.com\/index.php\/wp-json\/wp\/v2\/users\/1"}],"replies":[{"embeddable":true,"href":"https:\/\/ekinexpo.com\/index.php\/wp-json\/wp\/v2\/comments?post=481"}],"version-history":[{"count":4,"href":"https:\/\/ekinexpo.com\/index.php\/wp-json\/wp\/v2\/pages\/481\/revisions"}],"predecessor-version":[{"id":522,"href":"https:\/\/ekinexpo.com\/index.php\/wp-json\/wp\/v2\/pages\/481\/revisions\/522"}],"wp:attachment":[{"href":"https:\/\/ekinexpo.com\/index.php\/wp-json\/wp\/v2\/media?parent=481"}],"curies":[{"name":"wp","href":"https:\/\/api.w.org\/{rel}","templated":true}]}}