{"id":484,"date":"2025-03-08T20:25:32","date_gmt":"2025-03-08T17:25:32","guid":{"rendered":"https:\/\/ekinexpo.com\/?page_id=484"},"modified":"2025-06-29T13:22:09","modified_gmt":"2025-06-29T10:22:09","slug":"projelerimiz","status":"publish","type":"page","link":"https:\/\/ekinexpo.com\/index.php\/projelerimiz\/","title":{"rendered":"Projelerimiz"},"content":{"rendered":"\t\t<div data-elementor-type=\"wp-page\" data-elementor-id=\"484\" class=\"elementor elementor-484\">\n\t\t\t\t\t\t<section class=\"elementor-section elementor-top-section elementor-element elementor-element-ecd83ce obelisk-section-mode1 elementor-section-boxed elementor-section-height-default elementor-section-height-default\" data-id=\"ecd83ce\" data-element_type=\"section\" data-settings=\"{&quot;background_background&quot;:&quot;classic&quot;}\">\n\t\t\t\t\t\t\t<div class=\"elementor-background-overlay\"><\/div>\n\t\t\t\t\t\t\t<div class=\"elementor-container elementor-column-gap-default\">\n\t\t\t\t\t<div class=\"elementor-column elementor-col-100 elementor-top-column elementor-element elementor-element-c56fa60\" data-id=\"c56fa60\" data-element_type=\"column\">\n\t\t\t<div class=\"elementor-widget-wrap elementor-element-populated\">\n\t\t\t\t\t\t<section class=\"elementor-section elementor-inner-section elementor-element elementor-element-ce38bb0 elementor-section-boxed elementor-section-height-default elementor-section-height-default\" data-id=\"ce38bb0\" data-element_type=\"section\">\n\t\t\t\t\t\t<div class=\"elementor-container elementor-column-gap-default\">\n\t\t\t\t\t<div class=\"elementor-column elementor-col-50 elementor-inner-column elementor-element elementor-element-54796ab\" data-id=\"54796ab\" data-element_type=\"column\">\n\t\t\t<div class=\"elementor-widget-wrap elementor-element-populated\">\n\t\t\t\t\t\t<div class=\"elementor-element elementor-element-0c3a16c elementor-align-left elementor-invisible elementor-widget elementor-widget-obelisk-title\" data-id=\"0c3a16c\" data-element_type=\"widget\" data-settings=\"{&quot;_animation&quot;:&quot;fadeInUp&quot;}\" data-widget_type=\"obelisk-title.default\">\n\t\t\t\t<div class=\"elementor-widget-container\">\n\t\t\t\t\t\r\n\r\n<div class=\"obelisk-title style-2\">\r\n\t<h2 class=\" animate custom-font\" data-splitting>ekin expo <b><\/b><\/h2>\r\n<\/div>\t\t\t\t<\/div>\n\t\t\t\t<\/div>\n\t\t\t\t<div class=\"elementor-element elementor-element-63ad1aa elementor-widget__width-auto elementor-widget-mobile__width-auto elementor-widget elementor-widget-obelisk-heading\" data-id=\"63ad1aa\" data-element_type=\"widget\" data-widget_type=\"obelisk-heading.default\">\n\t\t\t\t<div class=\"elementor-widget-container\">\n\t\t\t\t\t\r\n<h2 class='obelisk-heading style-1 ' >\r\n        Projelerimiz    <\/h2>\r\n\t\t\t\t<\/div>\n\t\t\t\t<\/div>\n\t\t\t\t<div class=\"elementor-element elementor-element-99c9abe elementor-widget__width-auto elementor-align-left elementor-invisible elementor-widget elementor-widget-obelisk-title\" data-id=\"99c9abe\" data-element_type=\"widget\" data-settings=\"{&quot;_animation&quot;:&quot;fadeInUp&quot;}\" data-widget_type=\"obelisk-title.default\">\n\t\t\t\t<div class=\"elementor-widget-container\">\n\t\t\t\t\t\r\n\r\n<div class=\"obelisk-title style-2\">\r\n\t<h2 class=\" animate custom-font\" data-splitting>. <b><\/b><\/h2>\r\n<\/div>\t\t\t\t<\/div>\n\t\t\t\t<\/div>\n\t\t\t\t\t<\/div>\n\t\t<\/div>\n\t\t\t\t<div class=\"elementor-column elementor-col-50 elementor-inner-column elementor-element elementor-element-2d25f3a\" data-id=\"2d25f3a\" data-element_type=\"column\">\n\t\t\t<div class=\"elementor-widget-wrap\">\n\t\t\t\t\t\t\t<\/div>\n\t\t<\/div>\n\t\t\t\t\t<\/div>\n\t\t<\/section>\n\t\t\t\t\t<\/div>\n\t\t<\/div>\n\t\t\t\t\t<\/div>\n\t\t<\/section>\n\t\t\t\t<section class=\"elementor-section elementor-top-section elementor-element elementor-element-186192b elementor-section-full_width elementor-section-height-default elementor-section-height-default\" data-id=\"186192b\" data-element_type=\"section\">\n\t\t\t\t\t\t<div class=\"elementor-container elementor-column-gap-no\">\n\t\t\t\t\t<div class=\"elementor-column elementor-col-100 elementor-top-column elementor-element elementor-element-244e8b2\" data-id=\"244e8b2\" data-element_type=\"column\">\n\t\t\t<div class=\"elementor-widget-wrap elementor-element-populated\">\n\t\t\t\t\t\t<section class=\"elementor-section elementor-inner-section elementor-element elementor-element-f721a59 elementor-section-boxed elementor-section-height-default elementor-section-height-default\" data-id=\"f721a59\" data-element_type=\"section\">\n\t\t\t\t\t\t<div class=\"elementor-container elementor-column-gap-default\">\n\t\t\t\t\t<div class=\"elementor-column elementor-col-100 elementor-inner-column elementor-element elementor-element-0f7fc9b\" data-id=\"0f7fc9b\" data-element_type=\"column\">\n\t\t\t<div class=\"elementor-widget-wrap elementor-element-populated\">\n\t\t\t\t\t\t<div class=\"elementor-element elementor-element-746a851 elementor-widget elementor-widget-heading\" data-id=\"746a851\" data-element_type=\"widget\" data-widget_type=\"heading.default\">\n\t\t\t\t<div class=\"elementor-widget-container\">\n\t\t\t\t\t<h2 class=\"elementor-heading-title elementor-size-default\">Projelerimiz<br \/>\nFuar stand Hizmetleri<\/h2>\t\t\t\t<\/div>\n\t\t\t\t<\/div>\n\t\t\t\t\t<\/div>\n\t\t<\/div>\n\t\t\t\t\t<\/div>\n\t\t<\/section>\n\t\t\t\t<div class=\"elementor-element elementor-element-822d37f elementor-widget elementor-widget-obelisk-portfolio\" data-id=\"822d37f\" data-element_type=\"widget\" data-widget_type=\"obelisk-portfolio.default\">\n\t\t\t\t<div class=\"elementor-widget-container\">\n\t\t\t\t\t            \r\n<div class=\"portfolio style-6 imago animate mode-1\">\r\n\t<div class=\"work-carousel caroul sub-bg\">\r\n\t    <div class=\"swiper-container\">\r\n\t        <div class=\"swiper-wrapper \">  \r\n\r\n\r\n\t            \r\n\r\n\t                                <div class=\"swiper-slide \">\r\n\t                                    <div class=\"content fadeInUp animate\" data-wow-delay=\".3s\">\r\n\t                                        <div class=\"item-img bg-img \"\r\n\t                                            style=\"background-image:url(https:\/\/ekinexpo.com\/wp-content\/uploads\/2021\/11\/WhatsApp-Image-2025-10-01-at-15.00.49-1.jpeg);\">\r\n\t                                        <\/div>\r\n\t                                        <div class=\"cont bgbox\">\r\n\t                                            <h6>\r\n\t                                            Fuar stand Hizmetleri \/ \u0130\u00e7 Mimari Ve Proje Uygulama                                            <\/h6>\r\n\t                                            <h4><a href=\"https:\/\/ekinexpo.com\/index.php\/portfolio\/ahsap-stand\/\">Ah\u015fap Stand<\/a><\/h4>\r\n\t                                            <a href=\"https:\/\/ekinexpo.com\/index.php\/portfolio\/ahsap-stand\/\">\r\n                                            \t\t<span class=\"icon\"><i class=\"fas fa-plus\"><\/i><\/span>\r\n                                        \t\t<\/a>\r\n\t                                        <\/div>\r\n\t                                    <\/div>\r\n\t                                <\/div>\r\n\r\n\r\n\t            \r\n\r\n\t                                <div class=\"swiper-slide \">\r\n\t                                    <div class=\"content fadeInUp animate\" data-wow-delay=\".3s\">\r\n\t                                        <div class=\"item-img bg-img \"\r\n\t                                            style=\"background-image:url(https:\/\/ekinexpo.com\/wp-content\/uploads\/2021\/11\/2-6.jpg);\">\r\n\t                                        <\/div>\r\n\t                                        <div class=\"cont bgbox\">\r\n\t                                            <h6>\r\n\t                                            Fuar stand Hizmetleri                                            <\/h6>\r\n\t                                            <h4><a href=\"https:\/\/ekinexpo.com\/index.php\/portfolio\/sahne-urun-teshir-standi\/\">Sahne \u00dcr\u00fcn Te\u015fhir Stand\u0131<\/a><\/h4>\r\n\t                                            <a href=\"https:\/\/ekinexpo.com\/index.php\/portfolio\/sahne-urun-teshir-standi\/\">\r\n                                            \t\t<span class=\"icon\"><i class=\"fas fa-plus\"><\/i><\/span>\r\n                                        \t\t<\/a>\r\n\t                                        <\/div>\r\n\t                                    <\/div>\r\n\t                                <\/div>\r\n\r\n\r\n\t            \r\n\r\n\t                                <div class=\"swiper-slide \">\r\n\t                                    <div class=\"content fadeInUp animate\" data-wow-delay=\".3s\">\r\n\t                                        <div class=\"item-img bg-img \"\r\n\t                                            style=\"background-image:url(https:\/\/ekinexpo.com\/wp-content\/uploads\/2021\/11\/5-4.jpg);\">\r\n\t                                        <\/div>\r\n\t                                        <div class=\"cont bgbox\">\r\n\t                                            <h6>\r\n\t                                            Fuar stand Hizmetleri                                            <\/h6>\r\n\t                                            <h4><a href=\"https:\/\/ekinexpo.com\/index.php\/portfolio\/paket-pavilion-stand\/\">Paket Pavilion Stand<\/a><\/h4>\r\n\t                                            <a href=\"https:\/\/ekinexpo.com\/index.php\/portfolio\/paket-pavilion-stand\/\">\r\n                                            \t\t<span class=\"icon\"><i class=\"fas fa-plus\"><\/i><\/span>\r\n                                        \t\t<\/a>\r\n\t                                        <\/div>\r\n\t                                    <\/div>\r\n\t                                <\/div>\r\n\r\n\r\n\t            \r\n\r\n\t                                <div class=\"swiper-slide \">\r\n\t                                    <div class=\"content fadeInUp animate\" data-wow-delay=\".3s\">\r\n\t                                        <div class=\"item-img bg-img \"\r\n\t                                            style=\"background-image:url(https:\/\/ekinexpo.com\/wp-content\/uploads\/2021\/11\/4-6.jpg);\">\r\n\t                                        <\/div>\r\n\t                                        <div class=\"cont bgbox\">\r\n\t                                            <h6>\r\n\t                                            Fuar stand Hizmetleri                                            <\/h6>\r\n\t                                            <h4><a href=\"https:\/\/ekinexpo.com\/index.php\/portfolio\/maxima-stand\/\">Maxima Stand<\/a><\/h4>\r\n\t                                            <a href=\"https:\/\/ekinexpo.com\/index.php\/portfolio\/maxima-stand\/\">\r\n                                            \t\t<span class=\"icon\"><i class=\"fas fa-plus\"><\/i><\/span>\r\n                                        \t\t<\/a>\r\n\t                                        <\/div>\r\n\t                                    <\/div>\r\n\t                                <\/div>\r\n\r\n\r\n\t            \r\n\r\n\t                                <div class=\"swiper-slide \">\r\n\t                                    <div class=\"content fadeInUp animate\" data-wow-delay=\".3s\">\r\n\t                                        <div class=\"item-img bg-img \"\r\n\t                                            style=\"background-image:url(https:\/\/ekinexpo.com\/wp-content\/uploads\/2021\/11\/6-4.jpg);\">\r\n\t                                        <\/div>\r\n\t                                        <div class=\"cont bgbox\">\r\n\t                                            <h6>\r\n\t                                            Fuar stand Hizmetleri                                            <\/h6>\r\n\t                                            <h4><a href=\"https:\/\/ekinexpo.com\/index.php\/portfolio\/moduler-stand\/\">Mod\u00fcler Stand<\/a><\/h4>\r\n\t                                            <a href=\"https:\/\/ekinexpo.com\/index.php\/portfolio\/moduler-stand\/\">\r\n                                            \t\t<span class=\"icon\"><i class=\"fas fa-plus\"><\/i><\/span>\r\n                                        \t\t<\/a>\r\n\t                                        <\/div>\r\n\t                                    <\/div>\r\n\t                                <\/div>\r\n\r\n\r\n\t            \t            \r\n\t        <\/div> \r\n\t                <!-- slider setting -->\r\n\t        <div class=\"swiper-button-next swiper-nav-ctrl next-ctrl cursor-pointer\">\r\n\t            <i class=\"ion-ios-arrow-right\"><\/i>\r\n\t        <\/div>\r\n\t        <div class=\"swiper-button-prev swiper-nav-ctrl prev-ctrl cursor-pointer\">\r\n\t            <i class=\"ion-ios-arrow-left\"><\/i>\r\n\t        <\/div> \r\n\t    <\/div>\r\n\t<\/div>\r\n<\/div>\t\t\t\t<\/div>\n\t\t\t\t<\/div>\n\t\t\t\t\t<\/div>\n\t\t<\/div>\n\t\t\t\t\t<\/div>\n\t\t<\/section>\n\t\t\t\t<section class=\"elementor-section elementor-top-section elementor-element elementor-element-0dd7626 elementor-section-full_width elementor-section-height-default elementor-section-height-default\" data-id=\"0dd7626\" data-element_type=\"section\">\n\t\t\t\t\t\t<div class=\"elementor-container elementor-column-gap-no\">\n\t\t\t\t\t<div class=\"elementor-column elementor-col-100 elementor-top-column elementor-element elementor-element-0acc477\" data-id=\"0acc477\" data-element_type=\"column\">\n\t\t\t<div class=\"elementor-widget-wrap elementor-element-populated\">\n\t\t\t\t\t\t<section class=\"elementor-section elementor-inner-section elementor-element elementor-element-49463e9 elementor-section-boxed elementor-section-height-default elementor-section-height-default\" data-id=\"49463e9\" data-element_type=\"section\">\n\t\t\t\t\t\t<div class=\"elementor-container elementor-column-gap-default\">\n\t\t\t\t\t<div class=\"elementor-column elementor-col-100 elementor-inner-column elementor-element elementor-element-bd6cb3f\" data-id=\"bd6cb3f\" data-element_type=\"column\">\n\t\t\t<div class=\"elementor-widget-wrap elementor-element-populated\">\n\t\t\t\t\t\t<div class=\"elementor-element elementor-element-ed17043 elementor-widget elementor-widget-heading\" data-id=\"ed17043\" data-element_type=\"widget\" data-widget_type=\"heading.default\">\n\t\t\t\t<div class=\"elementor-widget-container\">\n\t\t\t\t\t<h2 class=\"elementor-heading-title elementor-size-default\">Projelerimiz<br \/>\n\u0130\u00e7 Mimari ve proje Uygulama<\/h2>\t\t\t\t<\/div>\n\t\t\t\t<\/div>\n\t\t\t\t\t<\/div>\n\t\t<\/div>\n\t\t\t\t\t<\/div>\n\t\t<\/section>\n\t\t\t\t<div class=\"elementor-element elementor-element-845c95a elementor-widget elementor-widget-obelisk-portfolio\" data-id=\"845c95a\" data-element_type=\"widget\" data-widget_type=\"obelisk-portfolio.default\">\n\t\t\t\t<div class=\"elementor-widget-container\">\n\t\t\t\t\t            \r\n<div class=\"portfolio style-6 imago animate mode-1\">\r\n\t<div class=\"work-carousel caroul sub-bg\">\r\n\t    <div class=\"swiper-container\">\r\n\t        <div class=\"swiper-wrapper \">  \r\n\r\n\r\n\t            \r\n\r\n\t                                <div class=\"swiper-slide \">\r\n\t                                    <div class=\"content fadeInUp animate\" data-wow-delay=\".3s\">\r\n\t                                        <div class=\"item-img bg-img \"\r\n\t                                            style=\"background-image:url(https:\/\/ekinexpo.com\/wp-content\/uploads\/2021\/11\/WhatsApp-Image-2025-10-01-at-15.00.49-1.jpeg);\">\r\n\t                                        <\/div>\r\n\t                                        <div class=\"cont bgbox\">\r\n\t                                            <h6>\r\n\t                                            Fuar stand Hizmetleri \/ \u0130\u00e7 Mimari Ve Proje Uygulama                                            <\/h6>\r\n\t                                            <h4><a href=\"https:\/\/ekinexpo.com\/index.php\/portfolio\/ahsap-stand\/\">Ah\u015fap Stand<\/a><\/h4>\r\n\t                                            <a href=\"https:\/\/ekinexpo.com\/index.php\/portfolio\/ahsap-stand\/\">\r\n                                            \t\t<span class=\"icon\"><i class=\"fas fa-plus\"><\/i><\/span>\r\n                                        \t\t<\/a>\r\n\t                                        <\/div>\r\n\t                                    <\/div>\r\n\t                                <\/div>\r\n\r\n\r\n\t            \r\n\r\n\t                                <div class=\"swiper-slide \">\r\n\t                                    <div class=\"content fadeInUp animate\" data-wow-delay=\".3s\">\r\n\t                                        <div class=\"item-img bg-img \"\r\n\t                                            style=\"background-image:url(https:\/\/ekinexpo.com\/wp-content\/uploads\/2021\/11\/3-7.jpg);\">\r\n\t                                        <\/div>\r\n\t                                        <div class=\"cont bgbox\">\r\n\t                                            <h6>\r\n\t                                            \u0130\u00e7 Mimari Ve Proje Uygulama                                            <\/h6>\r\n\t                                            <h4><a href=\"https:\/\/ekinexpo.com\/index.php\/portfolio\/floating-house-messinia\/\">Paket Stand<\/a><\/h4>\r\n\t                                            <a href=\"https:\/\/ekinexpo.com\/index.php\/portfolio\/floating-house-messinia\/\">\r\n                                            \t\t<span class=\"icon\"><i class=\"fas fa-plus\"><\/i><\/span>\r\n                                        \t\t<\/a>\r\n\t                                        <\/div>\r\n\t                                    <\/div>\r\n\t                                <\/div>\r\n\r\n\r\n\t            \r\n\r\n\t                                <div class=\"swiper-slide \">\r\n\t                                    <div class=\"content fadeInUp animate\" data-wow-delay=\".3s\">\r\n\t                                        <div class=\"item-img bg-img \"\r\n\t                                            style=\"background-image:url(https:\/\/ekinexpo.com\/wp-content\/uploads\/2021\/11\/2-6.jpg);\">\r\n\t                                        <\/div>\r\n\t                                        <div class=\"cont bgbox\">\r\n\t                                            <h6>\r\n\t                                            \u0130\u00e7 Mimari Ve Proje Uygulama                                            <\/h6>\r\n\t                                            <h4><a href=\"https:\/\/ekinexpo.com\/index.php\/portfolio\/urun-teshir\/\">\u00dcr\u00fcn Te\u015fhir<\/a><\/h4>\r\n\t                                            <a href=\"https:\/\/ekinexpo.com\/index.php\/portfolio\/urun-teshir\/\">\r\n                                            \t\t<span class=\"icon\"><i class=\"fas fa-plus\"><\/i><\/span>\r\n                                        \t\t<\/a>\r\n\t                                        <\/div>\r\n\t                                    <\/div>\r\n\t                                <\/div>\r\n\r\n\r\n\t            \r\n\r\n\t                                <div class=\"swiper-slide \">\r\n\t                                    <div class=\"content fadeInUp animate\" data-wow-delay=\".3s\">\r\n\t                                        <div class=\"item-img bg-img \"\r\n\t                                            style=\"background-image:url(https:\/\/ekinexpo.com\/wp-content\/uploads\/2021\/11\/5-4.jpg);\">\r\n\t                                        <\/div>\r\n\t                                        <div class=\"cont bgbox\">\r\n\t                                            <h6>\r\n\t                                            \u0130\u00e7 Mimari Ve Proje Uygulama                                            <\/h6>\r\n\t                                            <h4><a href=\"https:\/\/ekinexpo.com\/index.php\/portfolio\/pavilion-stand\/\">Pavilion Stand<\/a><\/h4>\r\n\t                                            <a href=\"https:\/\/ekinexpo.com\/index.php\/portfolio\/pavilion-stand\/\">\r\n                                            \t\t<span class=\"icon\"><i class=\"fas fa-plus\"><\/i><\/span>\r\n                                        \t\t<\/a>\r\n\t                                        <\/div>\r\n\t                                    <\/div>\r\n\t                                <\/div>\r\n\r\n\r\n\t            \t            \r\n\t        <\/div> \r\n\t                <!-- slider setting -->\r\n\t        <div class=\"swiper-button-next swiper-nav-ctrl next-ctrl cursor-pointer\">\r\n\t            <i class=\"ion-ios-arrow-right\"><\/i>\r\n\t        <\/div>\r\n\t        <div class=\"swiper-button-prev swiper-nav-ctrl prev-ctrl cursor-pointer\">\r\n\t            <i class=\"ion-ios-arrow-left\"><\/i>\r\n\t        <\/div> \r\n\t    <\/div>\r\n\t<\/div>\r\n<\/div>\t\t\t\t<\/div>\n\t\t\t\t<\/div>\n\t\t\t\t\t<\/div>\n\t\t<\/div>\n\t\t\t\t\t<\/div>\n\t\t<\/section>\n\t\t\t\t<\/div>\n\t\t","protected":false},"excerpt":{"rendered":"<p>ekin expo Projelerimiz . Projelerimiz Fuar stand Hizmetleri Fuar stand Hizmetleri \/ \u0130\u00e7 Mimari Ve Proje Uygulama Ah\u015fap Stand Fuar stand Hizmetleri Sahne \u00dcr\u00fcn Te\u015fhir Stand\u0131 Fuar stand Hizmetleri Paket Pavilion Stand Fuar stand Hizmetleri Maxima Stand Fuar stand Hizmetleri Mod\u00fcler Stand Projelerimiz \u0130\u00e7 Mimari ve proje Uygulama Fuar stand Hizmetleri \/ \u0130\u00e7 Mimari Ve Proje Uygulama Ah\u015fap Stand \u0130\u00e7 &hellip;<\/p>\n","protected":false},"author":1,"featured_media":0,"parent":0,"menu_order":0,"comment_status":"closed","ping_status":"closed","template":"blank-builder.php","meta":{"_monsterinsights_skip_tracking":false,"_monsterinsights_sitenote_active":false,"_monsterinsights_sitenote_note":"","_monsterinsights_sitenote_category":0,"footnotes":""},"class_list":["post-484","page","type-page","status-publish","hentry"],"aioseo_notices":[],"_links":{"self":[{"href":"https:\/\/ekinexpo.com\/index.php\/wp-json\/wp\/v2\/pages\/484","targetHints":{"allow":["GET"]}}],"collection":[{"href":"https:\/\/ekinexpo.com\/index.php\/wp-json\/wp\/v2\/pages"}],"about":[{"href":"https:\/\/ekinexpo.com\/index.php\/wp-json\/wp\/v2\/types\/page"}],"author":[{"embeddable":true,"href":"https:\/\/ekinexpo.com\/index.php\/wp-json\/wp\/v2\/users\/1"}],"replies":[{"embeddable":true,"href":"https:\/\/ekinexpo.com\/index.php\/wp-json\/wp\/v2\/comments?post=484"}],"version-history":[{"count":7,"href":"https:\/\/ekinexpo.com\/index.php\/wp-json\/wp\/v2\/pages\/484\/revisions"}],"predecessor-version":[{"id":705,"href":"https:\/\/ekinexpo.com\/index.php\/wp-json\/wp\/v2\/pages\/484\/revisions\/705"}],"wp:attachment":[{"href":"https:\/\/ekinexpo.com\/index.php\/wp-json\/wp\/v2\/media?parent=484"}],"curies":[{"name":"wp","href":"https:\/\/api.w.org\/{rel}","templated":true}]}}