{"id":488,"date":"2025-03-08T20:29:42","date_gmt":"2025-03-08T17:29:42","guid":{"rendered":"https:\/\/ekinexpo.com\/?page_id=488"},"modified":"2025-03-08T21:33:16","modified_gmt":"2025-03-08T18:33:16","slug":"blog","status":"publish","type":"page","link":"https:\/\/ekinexpo.com\/index.php\/blog\/","title":{"rendered":"Blog"},"content":{"rendered":"\t\t<div data-elementor-type=\"wp-page\" data-elementor-id=\"488\" class=\"elementor elementor-488\">\n\t\t\t\t\t\t<section class=\"elementor-section elementor-top-section elementor-element elementor-element-ecd83ce obelisk-section-mode1 elementor-section-boxed elementor-section-height-default elementor-section-height-default\" data-id=\"ecd83ce\" data-element_type=\"section\" data-settings=\"{&quot;background_background&quot;:&quot;classic&quot;}\">\n\t\t\t\t\t\t\t<div class=\"elementor-background-overlay\"><\/div>\n\t\t\t\t\t\t\t<div class=\"elementor-container elementor-column-gap-default\">\n\t\t\t\t\t<div class=\"elementor-column elementor-col-100 elementor-top-column elementor-element elementor-element-c56fa60\" data-id=\"c56fa60\" data-element_type=\"column\">\n\t\t\t<div class=\"elementor-widget-wrap elementor-element-populated\">\n\t\t\t\t\t\t<section class=\"elementor-section elementor-inner-section elementor-element elementor-element-ce38bb0 elementor-section-boxed elementor-section-height-default elementor-section-height-default\" data-id=\"ce38bb0\" data-element_type=\"section\">\n\t\t\t\t\t\t<div class=\"elementor-container elementor-column-gap-default\">\n\t\t\t\t\t<div class=\"elementor-column elementor-col-50 elementor-inner-column elementor-element elementor-element-54796ab\" data-id=\"54796ab\" data-element_type=\"column\">\n\t\t\t<div class=\"elementor-widget-wrap elementor-element-populated\">\n\t\t\t\t\t\t<div class=\"elementor-element elementor-element-0c3a16c elementor-align-left elementor-invisible elementor-widget elementor-widget-obelisk-title\" data-id=\"0c3a16c\" data-element_type=\"widget\" data-settings=\"{&quot;_animation&quot;:&quot;fadeInUp&quot;}\" data-widget_type=\"obelisk-title.default\">\n\t\t\t\t<div class=\"elementor-widget-container\">\n\t\t\t\t\t\r\n\r\n<div class=\"obelisk-title style-2\">\r\n\t<h2 class=\" animate custom-font\" data-splitting>ekin expo <b><\/b><\/h2>\r\n<\/div>\t\t\t\t<\/div>\n\t\t\t\t<\/div>\n\t\t\t\t<div class=\"elementor-element elementor-element-63ad1aa elementor-widget__width-auto elementor-widget-mobile__width-auto elementor-widget elementor-widget-obelisk-heading\" data-id=\"63ad1aa\" data-element_type=\"widget\" data-widget_type=\"obelisk-heading.default\">\n\t\t\t\t<div class=\"elementor-widget-container\">\n\t\t\t\t\t\r\n<h2 class='obelisk-heading style-1 ' >\r\n        Blog    <\/h2>\r\n\t\t\t\t<\/div>\n\t\t\t\t<\/div>\n\t\t\t\t<div class=\"elementor-element elementor-element-99c9abe elementor-widget__width-auto elementor-align-left elementor-invisible elementor-widget elementor-widget-obelisk-title\" data-id=\"99c9abe\" data-element_type=\"widget\" data-settings=\"{&quot;_animation&quot;:&quot;fadeInUp&quot;}\" data-widget_type=\"obelisk-title.default\">\n\t\t\t\t<div class=\"elementor-widget-container\">\n\t\t\t\t\t\r\n\r\n<div class=\"obelisk-title style-2\">\r\n\t<h2 class=\" animate custom-font\" data-splitting>. <b><\/b><\/h2>\r\n<\/div>\t\t\t\t<\/div>\n\t\t\t\t<\/div>\n\t\t\t\t\t<\/div>\n\t\t<\/div>\n\t\t\t\t<div class=\"elementor-column elementor-col-50 elementor-inner-column elementor-element elementor-element-2d25f3a\" data-id=\"2d25f3a\" data-element_type=\"column\">\n\t\t\t<div class=\"elementor-widget-wrap\">\n\t\t\t\t\t\t\t<\/div>\n\t\t<\/div>\n\t\t\t\t\t<\/div>\n\t\t<\/section>\n\t\t\t\t\t<\/div>\n\t\t<\/div>\n\t\t\t\t\t<\/div>\n\t\t<\/section>\n\t\t\t\t<section class=\"elementor-section elementor-top-section elementor-element elementor-element-6970c73 elementor-section-boxed elementor-section-height-default elementor-section-height-default\" data-id=\"6970c73\" data-element_type=\"section\">\n\t\t\t\t\t\t<div class=\"elementor-container elementor-column-gap-default\">\n\t\t\t\t\t<div class=\"elementor-column elementor-col-100 elementor-top-column elementor-element elementor-element-51c7330\" data-id=\"51c7330\" data-element_type=\"column\">\n\t\t\t<div class=\"elementor-widget-wrap elementor-element-populated\">\n\t\t\t\t\t\t<section class=\"elementor-section elementor-inner-section elementor-element elementor-element-fdbe378 elementor-section-boxed elementor-section-height-default elementor-section-height-default\" data-id=\"fdbe378\" data-element_type=\"section\">\n\t\t\t\t\t\t<div class=\"elementor-container elementor-column-gap-default\">\n\t\t\t\t\t<div class=\"elementor-column elementor-col-100 elementor-inner-column elementor-element elementor-element-49d9c7c\" data-id=\"49d9c7c\" data-element_type=\"column\">\n\t\t\t<div class=\"elementor-widget-wrap elementor-element-populated\">\n\t\t\t\t\t\t<div class=\"elementor-element elementor-element-bbdb001 elementor-widget elementor-widget-heading\" data-id=\"bbdb001\" data-element_type=\"widget\" data-widget_type=\"heading.default\">\n\t\t\t\t<div class=\"elementor-widget-container\">\n\t\t\t\t\t<h2 class=\"elementor-heading-title elementor-size-default\">Haberlerimiz<\/h2>\t\t\t\t<\/div>\n\t\t\t\t<\/div>\n\t\t\t\t\t<\/div>\n\t\t<\/div>\n\t\t\t\t\t<\/div>\n\t\t<\/section>\n\t\t\t\t<section class=\"elementor-section elementor-inner-section elementor-element elementor-element-668edf2 elementor-section-boxed elementor-section-height-default elementor-section-height-default\" data-id=\"668edf2\" data-element_type=\"section\">\n\t\t\t\t\t\t<div class=\"elementor-container elementor-column-gap-default\">\n\t\t\t\t\t<div class=\"elementor-column elementor-col-100 elementor-inner-column elementor-element elementor-element-9895c08\" data-id=\"9895c08\" data-element_type=\"column\">\n\t\t\t<div class=\"elementor-widget-wrap\">\n\t\t\t\t\t\t\t<\/div>\n\t\t<\/div>\n\t\t\t\t\t<\/div>\n\t\t<\/section>\n\t\t\t\t<div class=\"elementor-element elementor-element-fd8eea0 elementor-widget elementor-widget-obelisk-post-list\" data-id=\"fd8eea0\" data-element_type=\"widget\" data-widget_type=\"obelisk-post-list.default\">\n\t\t\t\t<div class=\"elementor-widget-container\">\n\t\t\t\t\t   \r\n\r\n<div class=\"tcg-post-list style-5 mode-1\" data-postlist-settings='{\"slidesPerView\":3,\"autoplay\":false,\"loop\":true,\"speed\":1000}'>  \r\n    <div class=\"swiper-container postlist-slider\" > \r\n        <div class=\"swiper-wrapper\"> \r\n                 \r\n                    <div class=\"swiper-slide\">\r\n                        <div class=\"item list wow fadeInUp\" data-wow-delay=\".8s\">\r\n                            <div class=\"img\">\r\n                                <img decoding=\"async\" src=\"https:\/\/ekinexpo.com\/wp-content\/uploads\/2024\/12\/blog1.jpg\" alt=\"\">\r\n                            <\/div>\r\n                            <div class=\"cont\">\r\n                                <div class=\"date\">\r\n                                    <span><i>22<\/i> Aral\u0131k<\/span>\r\n                                <\/div>\r\n                                <div class=\"info\">\r\n                               <a href=\"https:\/\/ekinexpo.com\/index.php\/author\/admin\/\" class=\"author \"><span>by \/ admin<\/span><\/a>                                                                <\/div>\r\n                                <h6>\r\n                                    <a href=\"https:\/\/ekinexpo.com\/index.php\/2024\/12\/22\/merhaba-dunya\/\">Dolardaki y\u00fckseli\u015f, fuar hizmeti veren sirketleri de etkiledi<\/a>\r\n                                <\/h6>\r\n                                <div class=\"btn-more\">\r\n                                    <a href=\"https:\/\/ekinexpo.com\/index.php\/2024\/12\/22\/merhaba-dunya\/\" class=\"simple-btn\">Devam\u0131n\u0131 Oku..<\/a>\r\n                                <\/div>\r\n                            <\/div>\r\n                        <\/div>\r\n                    <\/div>\r\n                 \r\n                    <div class=\"swiper-slide\">\r\n                        <div class=\"item list wow fadeInUp\" data-wow-delay=\".8s\">\r\n                            <div class=\"img\">\r\n                                <img decoding=\"async\" src=\"https:\/\/ekinexpo.com\/wp-content\/uploads\/2021\/11\/blog2.jpg\" alt=\"\">\r\n                            <\/div>\r\n                            <div class=\"cont\">\r\n                                <div class=\"date\">\r\n                                    <span><i>22<\/i> Kas\u0131m<\/span>\r\n                                <\/div>\r\n                                <div class=\"info\">\r\n                               <a href=\"https:\/\/ekinexpo.com\/index.php\/author\/admin\/\" class=\"author \"><span>by \/ admin<\/span><\/a>                                                                <\/div>\r\n                                <h6>\r\n                                    <a href=\"https:\/\/ekinexpo.com\/index.php\/2021\/11\/22\/awesome-new-design-for-trending-business-work\/\">&#8221;D\u00f6viz bozdurma&#8221; \u00e7agr\u0131s\u0131na fuar firmalar\u0131ndan destek<\/a>\r\n                                <\/h6>\r\n                                <div class=\"btn-more\">\r\n                                    <a href=\"https:\/\/ekinexpo.com\/index.php\/2021\/11\/22\/awesome-new-design-for-trending-business-work\/\" class=\"simple-btn\">Devam\u0131n\u0131 Oku..<\/a>\r\n                                <\/div>\r\n                            <\/div>\r\n                        <\/div>\r\n                    <\/div>\r\n                 \r\n                    <div class=\"swiper-slide\">\r\n                        <div class=\"item list wow fadeInUp\" data-wow-delay=\".8s\">\r\n                            <div class=\"img\">\r\n                                <img decoding=\"async\" src=\"https:\/\/ekinexpo.com\/wp-content\/uploads\/2021\/11\/blog3.jpg\" alt=\"\">\r\n                            <\/div>\r\n                            <div class=\"cont\">\r\n                                <div class=\"date\">\r\n                                    <span><i>22<\/i> Kas\u0131m<\/span>\r\n                                <\/div>\r\n                                <div class=\"info\">\r\n                               <a href=\"https:\/\/ekinexpo.com\/index.php\/author\/admin\/\" class=\"author \"><span>by \/ admin<\/span><\/a>                                                                <\/div>\r\n                                <h6>\r\n                                    <a href=\"https:\/\/ekinexpo.com\/index.php\/2021\/11\/22\/how-to-use-solid-color-combine-with-simple-furnitures\/\">Ekinci: &#8216;End\u00fcstriyel a\u011fa\u00e7land\u0131rma \u00f6zel sekt\u00f6r ve devlet i\u015fbirli\u011fiyle yap\u0131lmal\u0131&#8217;<\/a>\r\n                                <\/h6>\r\n                                <div class=\"btn-more\">\r\n                                    <a href=\"https:\/\/ekinexpo.com\/index.php\/2021\/11\/22\/how-to-use-solid-color-combine-with-simple-furnitures\/\" class=\"simple-btn\">Devam\u0131n\u0131 Oku..<\/a>\r\n                                <\/div>\r\n                            <\/div>\r\n                        <\/div>\r\n                    <\/div>\r\n                    <\/div>\r\n        <div class=\"swiper-pagination\"><\/div>\r\n    <\/div>\r\n<\/div> \t\t\t\t<\/div>\n\t\t\t\t<\/div>\n\t\t\t\t\t<\/div>\n\t\t<\/div>\n\t\t\t\t\t<\/div>\n\t\t<\/section>\n\t\t\t\t<\/div>\n\t\t","protected":false},"excerpt":{"rendered":"<p>ekin expo Blog . Haberlerimiz 22 Aral\u0131k by \/ admin Merhaba d\u00fcnya! Devam\u0131n\u0131 Oku.. 22 Kas\u0131m by \/ admin Awesome new design for trending business work. Devam\u0131n\u0131 Oku.. 22 Kas\u0131m by \/ admin How to use solid color combine with simple furnitures. Devam\u0131n\u0131 Oku..<\/p>\n","protected":false},"author":1,"featured_media":0,"parent":0,"menu_order":0,"comment_status":"closed","ping_status":"closed","template":"blank-builder.php","meta":{"_monsterinsights_skip_tracking":false,"_monsterinsights_sitenote_active":false,"_monsterinsights_sitenote_note":"","_monsterinsights_sitenote_category":0,"footnotes":""},"class_list":["post-488","page","type-page","status-publish","hentry"],"aioseo_notices":[],"_links":{"self":[{"href":"https:\/\/ekinexpo.com\/index.php\/wp-json\/wp\/v2\/pages\/488","targetHints":{"allow":["GET"]}}],"collection":[{"href":"https:\/\/ekinexpo.com\/index.php\/wp-json\/wp\/v2\/pages"}],"about":[{"href":"https:\/\/ekinexpo.com\/index.php\/wp-json\/wp\/v2\/types\/page"}],"author":[{"embeddable":true,"href":"https:\/\/ekinexpo.com\/index.php\/wp-json\/wp\/v2\/users\/1"}],"replies":[{"embeddable":true,"href":"https:\/\/ekinexpo.com\/index.php\/wp-json\/wp\/v2\/comments?post=488"}],"version-history":[{"count":7,"href":"https:\/\/ekinexpo.com\/index.php\/wp-json\/wp\/v2\/pages\/488\/revisions"}],"predecessor-version":[{"id":539,"href":"https:\/\/ekinexpo.com\/index.php\/wp-json\/wp\/v2\/pages\/488\/revisions\/539"}],"wp:attachment":[{"href":"https:\/\/ekinexpo.com\/index.php\/wp-json\/wp\/v2\/media?parent=488"}],"curies":[{"name":"wp","href":"https:\/\/api.w.org\/{rel}","templated":true}]}}